{"id":392,"date":"2021-03-17T18:09:08","date_gmt":"2021-03-17T18:09:08","guid":{"rendered":"http:\/\/cscbigdcwhweb03.mgmt.cihs.gov.on.ca\/?page_id=392"},"modified":"2021-12-16T19:13:56","modified_gmt":"2021-12-16T19:13:56","slug":"municipal-reporting-french","status":"publish","type":"page","link":"https:\/\/efis.fma.csc.gov.on.ca\/fir\/index.php\/fr\/municipal-reporting-french\/","title":{"rendered":"D\u00e9clarations municipales"},"content":{"rendered":"","protected":false},"excerpt":{"rendered":"","protected":false},"author":5,"featured_media":0,"parent":0,"menu_order":0,"comment_status":"closed","ping_status":"closed","template":"template_section_page.php","meta":[],"yoast_head":"<!-- This site is optimized with the Yoast SEO plugin v17.2.1 - https:\/\/yoast.com\/wordpress\/plugins\/seo\/ -->\n<title>D\u00e9clarations municipales - Financial Information Return<\/title>\n<meta name=\"description\" content=\"Voir les exigences municipales relatives \u00e0 la pr\u00e9sentation, les directives, les renseignements suppl\u00e9mentaires relatives au rapport d\u2019information financi\u00e8re (RIF) et plus.\" \/>\n<meta name=\"robots\" content=\"index, follow, max-snippet:-1, max-image-preview:large, max-video-preview:-1\" \/>\n<link rel=\"canonical\" href=\"https:\/\/efis.fma.csc.gov.on.ca\/fir\/index.php\/fr\/municipal-reporting-french\/\" \/>\n<meta property=\"og:locale\" content=\"en_US\" \/>\n<meta property=\"og:type\" content=\"article\" \/>\n<meta property=\"og:title\" content=\"D\u00e9clarations municipales - Financial Information Return\" \/>\n<meta property=\"og:description\" content=\"Voir les exigences municipales relatives \u00e0 la pr\u00e9sentation, les directives, les renseignements suppl\u00e9mentaires relatives au rapport d\u2019information financi\u00e8re (RIF) et plus.\" \/>\n<meta property=\"og:url\" content=\"https:\/\/efis.fma.csc.gov.on.ca\/fir\/index.php\/fr\/municipal-reporting-french\/\" \/>\n<meta property=\"og:site_name\" content=\"Financial Information Return\" \/>\n<meta property=\"article:modified_time\" content=\"2021-12-16T19:13:56+00:00\" \/>\n<meta name=\"twitter:card\" content=\"summary_large_image\" \/>\n<script type=\"application\/ld+json\" class=\"yoast-schema-graph\">{\"@context\":\"https:\/\/schema.org\",\"@graph\":[{\"@type\":\"WebSite\",\"@id\":\"https:\/\/efis.fma.csc.gov.on.ca\/fir\/#website\",\"url\":\"https:\/\/efis.fma.csc.gov.on.ca\/fir\/\",\"name\":\"Financial Information Return\",\"description\":\"Just another WordPress site\",\"potentialAction\":[{\"@type\":\"SearchAction\",\"target\":{\"@type\":\"EntryPoint\",\"urlTemplate\":\"https:\/\/efis.fma.csc.gov.on.ca\/fir\/?s={search_term_string}\"},\"query-input\":\"required name=search_term_string\"}],\"inLanguage\":\"en-US\"},{\"@type\":\"WebPage\",\"@id\":\"https:\/\/efis.fma.csc.gov.on.ca\/fir\/index.php\/fr\/municipal-reporting-french\/#webpage\",\"url\":\"https:\/\/efis.fma.csc.gov.on.ca\/fir\/index.php\/fr\/municipal-reporting-french\/\",\"name\":\"D\\u00e9clarations municipales - Financial Information Return\",\"isPartOf\":{\"@id\":\"https:\/\/efis.fma.csc.gov.on.ca\/fir\/#website\"},\"datePublished\":\"2021-03-17T18:09:08+00:00\",\"dateModified\":\"2021-12-16T19:13:56+00:00\",\"description\":\"Voir les exigences municipales relatives \\u00e0 la pr\\u00e9sentation, les directives, les renseignements suppl\\u00e9mentaires relatives au rapport d\\u2019information financi\\u00e8re (RIF) et plus.\",\"breadcrumb\":{\"@id\":\"https:\/\/efis.fma.csc.gov.on.ca\/fir\/index.php\/fr\/municipal-reporting-french\/#breadcrumb\"},\"inLanguage\":\"en-US\",\"potentialAction\":[{\"@type\":\"ReadAction\",\"target\":[\"https:\/\/efis.fma.csc.gov.on.ca\/fir\/index.php\/fr\/municipal-reporting-french\/\"]}]},{\"@type\":\"BreadcrumbList\",\"@id\":\"https:\/\/efis.fma.csc.gov.on.ca\/fir\/index.php\/fr\/municipal-reporting-french\/#breadcrumb\",\"itemListElement\":[{\"@type\":\"ListItem\",\"position\":1,\"name\":\"Home\",\"item\":\"https:\/\/efis.fma.csc.gov.on.ca\/fir\/index.php\/en\/financial-information-return-en\/\"},{\"@type\":\"ListItem\",\"position\":2,\"name\":\"D\\u00e9clarations municipales\"}]}]}<\/script>\n<!-- \/ Yoast SEO plugin. -->","yoast_head_json":{"title":"D\u00e9clarations municipales - Financial Information Return","description":"Voir les exigences municipales relatives \u00e0 la pr\u00e9sentation, les directives, les renseignements suppl\u00e9mentaires relatives au rapport d\u2019information financi\u00e8re (RIF) et plus.","robots":{"index":"index","follow":"follow","max-snippet":"max-snippet:-1","max-image-preview":"max-image-preview:large","max-video-preview":"max-video-preview:-1"},"canonical":"https:\/\/efis.fma.csc.gov.on.ca\/fir\/index.php\/fr\/municipal-reporting-french\/","og_locale":"en_US","og_type":"article","og_title":"D\u00e9clarations municipales - Financial Information Return","og_description":"Voir les exigences municipales relatives \u00e0 la pr\u00e9sentation, les directives, les renseignements suppl\u00e9mentaires relatives au rapport d\u2019information financi\u00e8re (RIF) et plus.","og_url":"https:\/\/efis.fma.csc.gov.on.ca\/fir\/index.php\/fr\/municipal-reporting-french\/","og_site_name":"Financial Information Return","article_modified_time":"2021-12-16T19:13:56+00:00","twitter_card":"summary_large_image","schema":{"@context":"https:\/\/schema.org","@graph":[{"@type":"WebSite","@id":"https:\/\/efis.fma.csc.gov.on.ca\/fir\/#website","url":"https:\/\/efis.fma.csc.gov.on.ca\/fir\/","name":"Financial Information Return","description":"Just another WordPress site","potentialAction":[{"@type":"SearchAction","target":{"@type":"EntryPoint","urlTemplate":"https:\/\/efis.fma.csc.gov.on.ca\/fir\/?s={search_term_string}"},"query-input":"required name=search_term_string"}],"inLanguage":"en-US"},{"@type":"WebPage","@id":"https:\/\/efis.fma.csc.gov.on.ca\/fir\/index.php\/fr\/municipal-reporting-french\/#webpage","url":"https:\/\/efis.fma.csc.gov.on.ca\/fir\/index.php\/fr\/municipal-reporting-french\/","name":"D\u00e9clarations municipales - Financial Information Return","isPartOf":{"@id":"https:\/\/efis.fma.csc.gov.on.ca\/fir\/#website"},"datePublished":"2021-03-17T18:09:08+00:00","dateModified":"2021-12-16T19:13:56+00:00","description":"Voir les exigences municipales relatives \u00e0 la pr\u00e9sentation, les directives, les renseignements suppl\u00e9mentaires relatives au rapport d\u2019information financi\u00e8re (RIF) et plus.","breadcrumb":{"@id":"https:\/\/efis.fma.csc.gov.on.ca\/fir\/index.php\/fr\/municipal-reporting-french\/#breadcrumb"},"inLanguage":"en-US","potentialAction":[{"@type":"ReadAction","target":["https:\/\/efis.fma.csc.gov.on.ca\/fir\/index.php\/fr\/municipal-reporting-french\/"]}]},{"@type":"BreadcrumbList","@id":"https:\/\/efis.fma.csc.gov.on.ca\/fir\/index.php\/fr\/municipal-reporting-french\/#breadcrumb","itemListElement":[{"@type":"ListItem","position":1,"name":"Home","item":"https:\/\/efis.fma.csc.gov.on.ca\/fir\/index.php\/en\/financial-information-return-en\/"},{"@type":"ListItem","position":2,"name":"D\u00e9clarations municipales"}]}]}},"lang":"fr","translations":{"fr":392,"en":1699},"pll_sync_post":[],"_links":{"self":[{"href":"https:\/\/efis.fma.csc.gov.on.ca\/fir\/index.php\/wp-json\/wp\/v2\/pages\/392"}],"collection":[{"href":"https:\/\/efis.fma.csc.gov.on.ca\/fir\/index.php\/wp-json\/wp\/v2\/pages"}],"about":[{"href":"https:\/\/efis.fma.csc.gov.on.ca\/fir\/index.php\/wp-json\/wp\/v2\/types\/page"}],"author":[{"embeddable":true,"href":"https:\/\/efis.fma.csc.gov.on.ca\/fir\/index.php\/wp-json\/wp\/v2\/users\/5"}],"replies":[{"embeddable":true,"href":"https:\/\/efis.fma.csc.gov.on.ca\/fir\/index.php\/wp-json\/wp\/v2\/comments?post=392"}],"version-history":[{"count":1,"href":"https:\/\/efis.fma.csc.gov.on.ca\/fir\/index.php\/wp-json\/wp\/v2\/pages\/392\/revisions"}],"predecessor-version":[{"id":2019,"href":"https:\/\/efis.fma.csc.gov.on.ca\/fir\/index.php\/wp-json\/wp\/v2\/pages\/392\/revisions\/2019"}],"wp:attachment":[{"href":"https:\/\/efis.fma.csc.gov.on.ca\/fir\/index.php\/wp-json\/wp\/v2\/media?parent=392"}],"curies":[{"name":"wp","href":"https:\/\/api.w.org\/{rel}","templated":true}]}}