{"id":2430,"date":"2022-03-16T13:14:48","date_gmt":"2022-03-16T13:14:48","guid":{"rendered":"https:\/\/efis.fma.csc.gov.on.ca\/fir\/?page_id=2430"},"modified":"2022-03-16T13:14:48","modified_gmt":"2022-03-16T13:14:48","slug":"accessibilite","status":"publish","type":"page","link":"https:\/\/efis.fma.csc.gov.on.ca\/fir\/index.php\/fr\/accessibilite\/","title":{"rendered":"Accessibilit\u00e9"},"content":{"rendered":"<p>Le site RIF a \u00e9t\u00e9 con\u00e7u et d\u00e9velopp\u00e9 de mani\u00e8re \u00e0 respecter toutes les exigences \u00e9nonc\u00e9es dans la <em>Loi de 2005 sur l\u2019accessibilit\u00e9 pour les personnes handicap\u00e9es de l\u2019Ontario<\/em>. Toutefois, si vous rencontrez un probl\u00e8me li\u00e9 \u00e0 un besoin particulier en mati\u00e8re d\u2019accessibilit\u00e9, veuillez contacter l\u2019\u00e9quipe de soutien du RIF en envoyant un courriel \u00e0 <strong><a href=\"mailto:FIR.MAH@ontario.ca\">FIR.MAH@ontario.ca<\/a><\/strong>.<\/p>\n","protected":false},"excerpt":{"rendered":"<p>Le site RIF a \u00e9t\u00e9 con\u00e7u et d\u00e9velopp\u00e9 de mani\u00e8re \u00e0 respecter toutes les exigences \u00e9nonc\u00e9es dans la Loi de 2005 sur l\u2019accessibilit\u00e9 pour les personnes handicap\u00e9es de l\u2019Ontario. Toutefois, si vous rencontrez un probl\u00e8me li\u00e9 \u00e0 un besoin particulier en mati\u00e8re d\u2019accessibilit\u00e9, veuillez contacter l\u2019\u00e9quipe de soutien du RIF en envoyant un courriel \u00e0 [&hellip;]<\/p>\n","protected":false},"author":8,"featured_media":0,"parent":0,"menu_order":0,"comment_status":"closed","ping_status":"closed","template":"","meta":[],"yoast_head":"<!-- This site is optimized with the Yoast SEO plugin v17.2.1 - https:\/\/yoast.com\/wordpress\/plugins\/seo\/ -->\n<title>Accessibilit\u00e9 - Financial Information Return<\/title>\n<meta name=\"robots\" content=\"index, follow, max-snippet:-1, max-image-preview:large, max-video-preview:-1\" \/>\n<link rel=\"canonical\" href=\"https:\/\/efis.fma.csc.gov.on.ca\/fir\/index.php\/fr\/accessibilite\/\" \/>\n<meta property=\"og:locale\" content=\"en_US\" \/>\n<meta property=\"og:type\" content=\"article\" \/>\n<meta property=\"og:title\" content=\"Accessibilit\u00e9 - Financial Information Return\" \/>\n<meta property=\"og:description\" content=\"Le site RIF a \u00e9t\u00e9 con\u00e7u et d\u00e9velopp\u00e9 de mani\u00e8re \u00e0 respecter toutes les exigences \u00e9nonc\u00e9es dans la Loi de 2005 sur l\u2019accessibilit\u00e9 pour les personnes handicap\u00e9es de l\u2019Ontario. Toutefois, si vous rencontrez un probl\u00e8me li\u00e9 \u00e0 un besoin particulier en mati\u00e8re d\u2019accessibilit\u00e9, veuillez contacter l\u2019\u00e9quipe de soutien du RIF en envoyant un courriel \u00e0 [&hellip;]\" \/>\n<meta property=\"og:url\" content=\"https:\/\/efis.fma.csc.gov.on.ca\/fir\/index.php\/fr\/accessibilite\/\" \/>\n<meta property=\"og:site_name\" content=\"Financial Information Return\" \/>\n<meta name=\"twitter:card\" content=\"summary_large_image\" \/>\n<script type=\"application\/ld+json\" class=\"yoast-schema-graph\">{\"@context\":\"https:\/\/schema.org\",\"@graph\":[{\"@type\":\"WebSite\",\"@id\":\"https:\/\/efis.fma.csc.gov.on.ca\/fir\/#website\",\"url\":\"https:\/\/efis.fma.csc.gov.on.ca\/fir\/\",\"name\":\"Financial Information Return\",\"description\":\"Just another WordPress site\",\"potentialAction\":[{\"@type\":\"SearchAction\",\"target\":{\"@type\":\"EntryPoint\",\"urlTemplate\":\"https:\/\/efis.fma.csc.gov.on.ca\/fir\/?s={search_term_string}\"},\"query-input\":\"required name=search_term_string\"}],\"inLanguage\":\"en-US\"},{\"@type\":\"WebPage\",\"@id\":\"https:\/\/efis.fma.csc.gov.on.ca\/fir\/index.php\/fr\/accessibilite\/#webpage\",\"url\":\"https:\/\/efis.fma.csc.gov.on.ca\/fir\/index.php\/fr\/accessibilite\/\",\"name\":\"Accessibilit\\u00e9 - Financial Information Return\",\"isPartOf\":{\"@id\":\"https:\/\/efis.fma.csc.gov.on.ca\/fir\/#website\"},\"datePublished\":\"2022-03-16T13:14:48+00:00\",\"dateModified\":\"2022-03-16T13:14:48+00:00\",\"breadcrumb\":{\"@id\":\"https:\/\/efis.fma.csc.gov.on.ca\/fir\/index.php\/fr\/accessibilite\/#breadcrumb\"},\"inLanguage\":\"en-US\",\"potentialAction\":[{\"@type\":\"ReadAction\",\"target\":[\"https:\/\/efis.fma.csc.gov.on.ca\/fir\/index.php\/fr\/accessibilite\/\"]}]},{\"@type\":\"BreadcrumbList\",\"@id\":\"https:\/\/efis.fma.csc.gov.on.ca\/fir\/index.php\/fr\/accessibilite\/#breadcrumb\",\"itemListElement\":[{\"@type\":\"ListItem\",\"position\":1,\"name\":\"Home\",\"item\":\"https:\/\/efis.fma.csc.gov.on.ca\/fir\/index.php\/en\/financial-information-return-en\/\"},{\"@type\":\"ListItem\",\"position\":2,\"name\":\"Accessibilit\\u00e9\"}]}]}<\/script>\n<!-- \/ Yoast SEO plugin. -->","yoast_head_json":{"title":"Accessibilit\u00e9 - Financial Information Return","robots":{"index":"index","follow":"follow","max-snippet":"max-snippet:-1","max-image-preview":"max-image-preview:large","max-video-preview":"max-video-preview:-1"},"canonical":"https:\/\/efis.fma.csc.gov.on.ca\/fir\/index.php\/fr\/accessibilite\/","og_locale":"en_US","og_type":"article","og_title":"Accessibilit\u00e9 - Financial Information Return","og_description":"Le site RIF a \u00e9t\u00e9 con\u00e7u et d\u00e9velopp\u00e9 de mani\u00e8re \u00e0 respecter toutes les exigences \u00e9nonc\u00e9es dans la Loi de 2005 sur l\u2019accessibilit\u00e9 pour les personnes handicap\u00e9es de l\u2019Ontario. Toutefois, si vous rencontrez un probl\u00e8me li\u00e9 \u00e0 un besoin particulier en mati\u00e8re d\u2019accessibilit\u00e9, veuillez contacter l\u2019\u00e9quipe de soutien du RIF en envoyant un courriel \u00e0 [&hellip;]","og_url":"https:\/\/efis.fma.csc.gov.on.ca\/fir\/index.php\/fr\/accessibilite\/","og_site_name":"Financial Information Return","twitter_card":"summary_large_image","schema":{"@context":"https:\/\/schema.org","@graph":[{"@type":"WebSite","@id":"https:\/\/efis.fma.csc.gov.on.ca\/fir\/#website","url":"https:\/\/efis.fma.csc.gov.on.ca\/fir\/","name":"Financial Information Return","description":"Just another WordPress site","potentialAction":[{"@type":"SearchAction","target":{"@type":"EntryPoint","urlTemplate":"https:\/\/efis.fma.csc.gov.on.ca\/fir\/?s={search_term_string}"},"query-input":"required name=search_term_string"}],"inLanguage":"en-US"},{"@type":"WebPage","@id":"https:\/\/efis.fma.csc.gov.on.ca\/fir\/index.php\/fr\/accessibilite\/#webpage","url":"https:\/\/efis.fma.csc.gov.on.ca\/fir\/index.php\/fr\/accessibilite\/","name":"Accessibilit\u00e9 - Financial Information Return","isPartOf":{"@id":"https:\/\/efis.fma.csc.gov.on.ca\/fir\/#website"},"datePublished":"2022-03-16T13:14:48+00:00","dateModified":"2022-03-16T13:14:48+00:00","breadcrumb":{"@id":"https:\/\/efis.fma.csc.gov.on.ca\/fir\/index.php\/fr\/accessibilite\/#breadcrumb"},"inLanguage":"en-US","potentialAction":[{"@type":"ReadAction","target":["https:\/\/efis.fma.csc.gov.on.ca\/fir\/index.php\/fr\/accessibilite\/"]}]},{"@type":"BreadcrumbList","@id":"https:\/\/efis.fma.csc.gov.on.ca\/fir\/index.php\/fr\/accessibilite\/#breadcrumb","itemListElement":[{"@type":"ListItem","position":1,"name":"Home","item":"https:\/\/efis.fma.csc.gov.on.ca\/fir\/index.php\/en\/financial-information-return-en\/"},{"@type":"ListItem","position":2,"name":"Accessibilit\u00e9"}]}]}},"lang":"fr","translations":{"fr":2430,"en":2428},"pll_sync_post":[],"_links":{"self":[{"href":"https:\/\/efis.fma.csc.gov.on.ca\/fir\/index.php\/wp-json\/wp\/v2\/pages\/2430"}],"collection":[{"href":"https:\/\/efis.fma.csc.gov.on.ca\/fir\/index.php\/wp-json\/wp\/v2\/pages"}],"about":[{"href":"https:\/\/efis.fma.csc.gov.on.ca\/fir\/index.php\/wp-json\/wp\/v2\/types\/page"}],"author":[{"embeddable":true,"href":"https:\/\/efis.fma.csc.gov.on.ca\/fir\/index.php\/wp-json\/wp\/v2\/users\/8"}],"replies":[{"embeddable":true,"href":"https:\/\/efis.fma.csc.gov.on.ca\/fir\/index.php\/wp-json\/wp\/v2\/comments?post=2430"}],"version-history":[{"count":1,"href":"https:\/\/efis.fma.csc.gov.on.ca\/fir\/index.php\/wp-json\/wp\/v2\/pages\/2430\/revisions"}],"predecessor-version":[{"id":2431,"href":"https:\/\/efis.fma.csc.gov.on.ca\/fir\/index.php\/wp-json\/wp\/v2\/pages\/2430\/revisions\/2431"}],"wp:attachment":[{"href":"https:\/\/efis.fma.csc.gov.on.ca\/fir\/index.php\/wp-json\/wp\/v2\/media?parent=2430"}],"curies":[{"name":"wp","href":"https:\/\/api.w.org\/{rel}","templated":true}]}}