{"id":2259,"date":"2022-01-06T22:46:38","date_gmt":"2022-01-06T22:46:38","guid":{"rendered":"http:\/\/cscbigdcwhweb25.service.cihs.gov.on.ca\/fir\/?page_id=2259"},"modified":"2022-03-21T03:44:33","modified_gmt":"2022-03-21T03:44:33","slug":"tableaux-de-bord","status":"publish","type":"page","link":"https:\/\/efis.fma.csc.gov.on.ca\/fir\/index.php\/fr\/rapports-et-tableaux-de-bord\/tableaux-de-bord\/","title":{"rendered":"Tableaux de bord"},"content":{"rendered":"<p>Les tableaux de bord RIF ont \u00e9t\u00e9 con\u00e7us et d\u00e9velopp\u00e9s de mani\u00e8re \u00e0 respecter toutes les exigences \u00e9nonc\u00e9es dans la <em>Loi de 2005 sur l\u2019accessibilit\u00e9 pour les personnes handicap\u00e9es de l\u2019Ontario<\/em>. Toutefois, si vous rencontrez un probl\u00e8me li\u00e9 \u00e0 un besoin particulier en mati\u00e8re d\u2019accessibilit\u00e9, veuillez contacter l\u2019\u00e9quipe de soutien du RIF en envoyant un courriel \u00e0 <a href=\"mailto:FIR.MAH@ontario.ca\"><strong>FIR.MAH@ontario.ca<\/strong><\/a>.<\/p>\n<p><strong>Remarque pour les utilisateurs de clavier uniquement :<\/strong> veuillez utiliser la touche de tabulation pour vous d\u00e9placer entre les graphiques et les touches fl\u00e9ch\u00e9es pour naviguer dans chaque graphique.<\/p>\n<p>&nbsp;<\/p>\n<h5><strong><a href=\"https:\/\/efis.fma.csc.gov.on.ca\/apex\/finfor\/f?p=firdb:home::LANG::1:fsp_language_preference:fr-ca\" target=\"_blank\" rel=\"noopener\">Aller aux tableaux de bord<\/a><\/strong><\/h5>\n","protected":false},"excerpt":{"rendered":"<p>Les tableaux de bord RIF ont \u00e9t\u00e9 con\u00e7us et d\u00e9velopp\u00e9s de mani\u00e8re \u00e0 respecter toutes les exigences \u00e9nonc\u00e9es dans la Loi de 2005 sur l\u2019accessibilit\u00e9 pour les personnes handicap\u00e9es de l\u2019Ontario. Toutefois, si vous rencontrez un probl\u00e8me li\u00e9 \u00e0 un besoin particulier en mati\u00e8re d\u2019accessibilit\u00e9, veuillez contacter l\u2019\u00e9quipe de soutien du RIF en envoyant un [&hellip;]<\/p>\n","protected":false},"author":8,"featured_media":0,"parent":1200,"menu_order":0,"comment_status":"closed","ping_status":"closed","template":"","meta":[],"yoast_head":"<!-- This site is optimized with the Yoast SEO plugin v17.2.1 - https:\/\/yoast.com\/wordpress\/plugins\/seo\/ -->\n<title>Tableaux de bord - Financial Information Return<\/title>\n<meta name=\"robots\" content=\"index, follow, max-snippet:-1, max-image-preview:large, max-video-preview:-1\" \/>\n<link rel=\"canonical\" href=\"https:\/\/efis.fma.csc.gov.on.ca\/fir\/index.php\/fr\/rapports-et-tableaux-de-bord\/tableaux-de-bord\/\" \/>\n<meta property=\"og:locale\" content=\"en_US\" \/>\n<meta property=\"og:type\" content=\"article\" \/>\n<meta property=\"og:title\" content=\"Tableaux de bord - Financial Information Return\" \/>\n<meta property=\"og:description\" content=\"Les tableaux de bord RIF ont \u00e9t\u00e9 con\u00e7us et d\u00e9velopp\u00e9s de mani\u00e8re \u00e0 respecter toutes les exigences \u00e9nonc\u00e9es dans la Loi de 2005 sur l\u2019accessibilit\u00e9 pour les personnes handicap\u00e9es de l\u2019Ontario. Toutefois, si vous rencontrez un probl\u00e8me li\u00e9 \u00e0 un besoin particulier en mati\u00e8re d\u2019accessibilit\u00e9, veuillez contacter l\u2019\u00e9quipe de soutien du RIF en envoyant un [&hellip;]\" \/>\n<meta property=\"og:url\" content=\"https:\/\/efis.fma.csc.gov.on.ca\/fir\/index.php\/fr\/rapports-et-tableaux-de-bord\/tableaux-de-bord\/\" \/>\n<meta property=\"og:site_name\" content=\"Financial Information Return\" \/>\n<meta property=\"article:modified_time\" content=\"2022-03-21T03:44:33+00:00\" \/>\n<meta name=\"twitter:card\" content=\"summary_large_image\" \/>\n<meta name=\"twitter:label1\" content=\"Est. reading time\" \/>\n\t<meta name=\"twitter:data1\" content=\"1 minute\" \/>\n<script type=\"application\/ld+json\" class=\"yoast-schema-graph\">{\"@context\":\"https:\/\/schema.org\",\"@graph\":[{\"@type\":\"WebSite\",\"@id\":\"https:\/\/efis.fma.csc.gov.on.ca\/fir\/#website\",\"url\":\"https:\/\/efis.fma.csc.gov.on.ca\/fir\/\",\"name\":\"Financial Information Return\",\"description\":\"Just another WordPress site\",\"potentialAction\":[{\"@type\":\"SearchAction\",\"target\":{\"@type\":\"EntryPoint\",\"urlTemplate\":\"https:\/\/efis.fma.csc.gov.on.ca\/fir\/?s={search_term_string}\"},\"query-input\":\"required name=search_term_string\"}],\"inLanguage\":\"en-US\"},{\"@type\":\"WebPage\",\"@id\":\"https:\/\/efis.fma.csc.gov.on.ca\/fir\/index.php\/fr\/rapports-et-tableaux-de-bord\/tableaux-de-bord\/#webpage\",\"url\":\"https:\/\/efis.fma.csc.gov.on.ca\/fir\/index.php\/fr\/rapports-et-tableaux-de-bord\/tableaux-de-bord\/\",\"name\":\"Tableaux de bord - Financial Information Return\",\"isPartOf\":{\"@id\":\"https:\/\/efis.fma.csc.gov.on.ca\/fir\/#website\"},\"datePublished\":\"2022-01-06T22:46:38+00:00\",\"dateModified\":\"2022-03-21T03:44:33+00:00\",\"breadcrumb\":{\"@id\":\"https:\/\/efis.fma.csc.gov.on.ca\/fir\/index.php\/fr\/rapports-et-tableaux-de-bord\/tableaux-de-bord\/#breadcrumb\"},\"inLanguage\":\"en-US\",\"potentialAction\":[{\"@type\":\"ReadAction\",\"target\":[\"https:\/\/efis.fma.csc.gov.on.ca\/fir\/index.php\/fr\/rapports-et-tableaux-de-bord\/tableaux-de-bord\/\"]}]},{\"@type\":\"BreadcrumbList\",\"@id\":\"https:\/\/efis.fma.csc.gov.on.ca\/fir\/index.php\/fr\/rapports-et-tableaux-de-bord\/tableaux-de-bord\/#breadcrumb\",\"itemListElement\":[{\"@type\":\"ListItem\",\"position\":1,\"name\":\"Home\",\"item\":\"https:\/\/efis.fma.csc.gov.on.ca\/fir\/index.php\/en\/financial-information-return-en\/\"},{\"@type\":\"ListItem\",\"position\":2,\"name\":\"Rapports et tableaux de bord\",\"item\":\"https:\/\/efis.fma.csc.gov.on.ca\/fir\/index.php\/fr\/rapports-et-tableaux-de-bord\/\"},{\"@type\":\"ListItem\",\"position\":3,\"name\":\"Tableaux de bord\"}]}]}<\/script>\n<!-- \/ Yoast SEO plugin. -->","yoast_head_json":{"title":"Tableaux de bord - Financial Information Return","robots":{"index":"index","follow":"follow","max-snippet":"max-snippet:-1","max-image-preview":"max-image-preview:large","max-video-preview":"max-video-preview:-1"},"canonical":"https:\/\/efis.fma.csc.gov.on.ca\/fir\/index.php\/fr\/rapports-et-tableaux-de-bord\/tableaux-de-bord\/","og_locale":"en_US","og_type":"article","og_title":"Tableaux de bord - Financial Information Return","og_description":"Les tableaux de bord RIF ont \u00e9t\u00e9 con\u00e7us et d\u00e9velopp\u00e9s de mani\u00e8re \u00e0 respecter toutes les exigences \u00e9nonc\u00e9es dans la Loi de 2005 sur l\u2019accessibilit\u00e9 pour les personnes handicap\u00e9es de l\u2019Ontario. Toutefois, si vous rencontrez un probl\u00e8me li\u00e9 \u00e0 un besoin particulier en mati\u00e8re d\u2019accessibilit\u00e9, veuillez contacter l\u2019\u00e9quipe de soutien du RIF en envoyant un [&hellip;]","og_url":"https:\/\/efis.fma.csc.gov.on.ca\/fir\/index.php\/fr\/rapports-et-tableaux-de-bord\/tableaux-de-bord\/","og_site_name":"Financial Information Return","article_modified_time":"2022-03-21T03:44:33+00:00","twitter_card":"summary_large_image","twitter_misc":{"Est. reading time":"1 minute"},"schema":{"@context":"https:\/\/schema.org","@graph":[{"@type":"WebSite","@id":"https:\/\/efis.fma.csc.gov.on.ca\/fir\/#website","url":"https:\/\/efis.fma.csc.gov.on.ca\/fir\/","name":"Financial Information Return","description":"Just another WordPress site","potentialAction":[{"@type":"SearchAction","target":{"@type":"EntryPoint","urlTemplate":"https:\/\/efis.fma.csc.gov.on.ca\/fir\/?s={search_term_string}"},"query-input":"required name=search_term_string"}],"inLanguage":"en-US"},{"@type":"WebPage","@id":"https:\/\/efis.fma.csc.gov.on.ca\/fir\/index.php\/fr\/rapports-et-tableaux-de-bord\/tableaux-de-bord\/#webpage","url":"https:\/\/efis.fma.csc.gov.on.ca\/fir\/index.php\/fr\/rapports-et-tableaux-de-bord\/tableaux-de-bord\/","name":"Tableaux de bord - Financial Information Return","isPartOf":{"@id":"https:\/\/efis.fma.csc.gov.on.ca\/fir\/#website"},"datePublished":"2022-01-06T22:46:38+00:00","dateModified":"2022-03-21T03:44:33+00:00","breadcrumb":{"@id":"https:\/\/efis.fma.csc.gov.on.ca\/fir\/index.php\/fr\/rapports-et-tableaux-de-bord\/tableaux-de-bord\/#breadcrumb"},"inLanguage":"en-US","potentialAction":[{"@type":"ReadAction","target":["https:\/\/efis.fma.csc.gov.on.ca\/fir\/index.php\/fr\/rapports-et-tableaux-de-bord\/tableaux-de-bord\/"]}]},{"@type":"BreadcrumbList","@id":"https:\/\/efis.fma.csc.gov.on.ca\/fir\/index.php\/fr\/rapports-et-tableaux-de-bord\/tableaux-de-bord\/#breadcrumb","itemListElement":[{"@type":"ListItem","position":1,"name":"Home","item":"https:\/\/efis.fma.csc.gov.on.ca\/fir\/index.php\/en\/financial-information-return-en\/"},{"@type":"ListItem","position":2,"name":"Rapports et tableaux de bord","item":"https:\/\/efis.fma.csc.gov.on.ca\/fir\/index.php\/fr\/rapports-et-tableaux-de-bord\/"},{"@type":"ListItem","position":3,"name":"Tableaux de bord"}]}]}},"lang":"fr","translations":{"fr":2259,"en":2248},"pll_sync_post":[],"_links":{"self":[{"href":"https:\/\/efis.fma.csc.gov.on.ca\/fir\/index.php\/wp-json\/wp\/v2\/pages\/2259"}],"collection":[{"href":"https:\/\/efis.fma.csc.gov.on.ca\/fir\/index.php\/wp-json\/wp\/v2\/pages"}],"about":[{"href":"https:\/\/efis.fma.csc.gov.on.ca\/fir\/index.php\/wp-json\/wp\/v2\/types\/page"}],"author":[{"embeddable":true,"href":"https:\/\/efis.fma.csc.gov.on.ca\/fir\/index.php\/wp-json\/wp\/v2\/users\/8"}],"replies":[{"embeddable":true,"href":"https:\/\/efis.fma.csc.gov.on.ca\/fir\/index.php\/wp-json\/wp\/v2\/comments?post=2259"}],"version-history":[{"count":6,"href":"https:\/\/efis.fma.csc.gov.on.ca\/fir\/index.php\/wp-json\/wp\/v2\/pages\/2259\/revisions"}],"predecessor-version":[{"id":2552,"href":"https:\/\/efis.fma.csc.gov.on.ca\/fir\/index.php\/wp-json\/wp\/v2\/pages\/2259\/revisions\/2552"}],"up":[{"embeddable":true,"href":"https:\/\/efis.fma.csc.gov.on.ca\/fir\/index.php\/wp-json\/wp\/v2\/pages\/1200"}],"wp:attachment":[{"href":"https:\/\/efis.fma.csc.gov.on.ca\/fir\/index.php\/wp-json\/wp\/v2\/media?parent=2259"}],"curies":[{"name":"wp","href":"https:\/\/api.w.org\/{rel}","templated":true}]}}