{"id":1757,"date":"2021-10-20T20:26:07","date_gmt":"2021-10-20T20:26:07","guid":{"rendered":"http:\/\/cscbigdcwhweb03.mgmt.cihs.gov.on.ca\/?page_id=1757"},"modified":"2022-01-10T20:23:53","modified_gmt":"2022-01-10T20:23:53","slug":"plan-du-site","status":"publish","type":"page","link":"https:\/\/efis.fma.csc.gov.on.ca\/fir\/index.php\/fr\/plan-du-site\/","title":{"rendered":"Plan du site"},"content":{"rendered":"<ul>\n<li><a href=\"https:\/\/efis.fma.csc.gov.on.ca\/fir\/index.php\/fr\/financial-information-return-fr\/\">Page d&#8217;accueil<\/a><\/li>\n<li><a href=\"https:\/\/efis.fma.csc.gov.on.ca\/fir\/index.php\/fr\/municipal-reporting-french\/\">D\u00e9clarations municipales<\/a>\n<ul>\n<li><a href=\"https:\/\/efis.fma.csc.gov.on.ca\/fir\/index.php\/fr\/municipal-reporting-french\/exigences-relatives-a-la-presentation\/\">Exigences relatives \u00e0 la pr\u00e9sentation<\/a><\/li>\n<li><a href=\"https:\/\/efis.fma.csc.gov.on.ca\/fir\/index.php\/fr\/municipal-reporting-french\/french-version-fir-templates-2\/\">Gabarits du rapport d\u2019information financi\u00e8re<\/a><\/li>\n<li><a href=\"https:\/\/efis.fma.csc.gov.on.ca\/fir\/index.php\/fr\/municipal-reporting-french\/rapport-sur-les-services-dambulance-terrestres\/\">Rapport sur les services d\u2019ambulance terrestres<\/a><\/li>\n<li><a href=\"https:\/\/efis.fma.csc.gov.on.ca\/fir\/index.php\/fr\/municipal-reporting-french\/financial-information-report-instructions-2\/\">Directives pour remplir le RIF<\/a><\/li>\n<li><a href=\"https:\/\/efis.fma.csc.gov.on.ca\/fir\/index.php\/fr\/municipal-reporting-french\/smart-fir-application-instructions-french-need-translation\/\">lnstructions d\u2019application du RIF intelligent<\/a><\/li>\n<li><a href=\"https:\/\/efis.fma.csc.gov.on.ca\/fir\/index.php\/fr\/municipal-reporting-french\/aide-supplementaire\/\">Aide suppl\u00e9mentaire<\/a><\/li>\n<li><a href=\"https:\/\/efis.fma.csc.gov.on.ca\/fir\/index.php\/fr\/municipal-reporting-french\/renseignements-supplementaires\/\">Renseignements suppl\u00e9mentaires<\/a><\/li>\n<\/ul>\n<\/li>\n<li><a href=\"https:\/\/efis.fma.csc.gov.on.ca\/fir\/index.php\/fr\/rapports-et-tableaux-de-bord\/\">Rapports et tableaux de bord<\/a>\n<ul>\n<li><a href=\"https:\/\/efis.fma.csc.gov.on.ca\/fir\/index.php\/fr\/rapports-et-tableaux-de-bord\/fr-fir-by-year-and-municipality\/\">RIF par ann\u00e9e et municipalit\u00e9<\/a><\/li>\n<li><a href=\"https:\/\/efis.fma.csc.gov.on.ca\/fir\/index.php\/fr\/rapports-et-tableaux-de-bord\/fr-fir-multi-year-reports\/\">Rapports pluriannuels li\u00e9s aux RIF<\/a><\/li>\n<li><a href=\"https:\/\/efis.fma.csc.gov.on.ca\/fir\/index.php\/fr\/rapports-et-tableaux-de-bord\/2021-limite-de-remboursement-annuelle\/\">Limites de remboursement annuelles<\/a><\/li>\n<li><a href=\"https:\/\/efis.fma.csc.gov.on.ca\/fir\/index.php\/fr\/rapports-et-tableaux-de-bord\/tableaux-de-bord\/\">Tableaux de bord<\/a><\/li>\n<\/ul>\n<\/li>\n<li><a href=\"https:\/\/efis.fma.csc.gov.on.ca\/fir\/index.php\/fr\/donnees-ouvertes\/\">Donn\u00e9es ouvertes<\/a>\n<ul>\n<li><a href=\"https:\/\/efis.fma.csc.gov.on.ca\/fir\/MultiYearReport\/MYCIndex.html\">FIR Data By Year \u2013 .CSV Format \/ Les donn\u00e9es du RIF par ann\u00e9e \u2013 format .CSV \u2013 Financial Information Return<\/a><\/li>\n<li><a href=\"https:\/\/efis.fma.csc.gov.on.ca\/fir\/index.php\/fr\/donnees-ouvertes\/fr-fir-by-schedule-and-year\/\">RIF par annexe et ann\u00e9e<\/a><\/li>\n<li><a href=\"https:\/\/efis.fma.csc.gov.on.ca\/fir\/index.php\/fr\/donnees-ouvertes\/fr-provincial-summary\/\">Sommaires provinciaux<\/a><\/li>\n<\/ul>\n<\/li>\n<li><a href=\"https:\/\/efis.fma.csc.gov.on.ca\/fir\/index.php\/fr\/nouveautes\/\">Nouveaut\u00e9s<\/a><\/li>\n<li><a href=\"https:\/\/efis.fma.csc.gov.on.ca\/fir\/index.php\/fr\/foire-aux-questions\/\">Foire aux questions<\/a><\/li>\n<li><a href=\"https:\/\/efis.fma.csc.gov.on.ca\/fir\/index.php\/fr\/nous-joindre\/\">Nous joindre<\/a><\/li>\n<li><a href=\"https:\/\/efis.fma.csc.gov.on.ca\/fir\/index.php\/fr\/plan-du-site\/\">Plan du site<\/a><\/li>\n<\/ul>\n","protected":false},"excerpt":{"rendered":"<p>Page d&#8217;accueil D\u00e9clarations municipales Exigences relatives \u00e0 la pr\u00e9sentation Gabarits du rapport d\u2019information financi\u00e8re Rapport sur les services d\u2019ambulance terrestres Directives pour remplir le RIF lnstructions d\u2019application du RIF intelligent Aide suppl\u00e9mentaire Renseignements suppl\u00e9mentaires Rapports et tableaux de bord RIF par ann\u00e9e et municipalit\u00e9 Rapports pluriannuels li\u00e9s aux RIF Limites de remboursement annuelles Tableaux de [&hellip;]<\/p>\n","protected":false},"author":5,"featured_media":0,"parent":0,"menu_order":0,"comment_status":"closed","ping_status":"closed","template":"","meta":[],"yoast_head":"<!-- This site is optimized with the Yoast SEO plugin v17.2.1 - https:\/\/yoast.com\/wordpress\/plugins\/seo\/ -->\n<title>Plan du site - Financial Information Return<\/title>\n<meta name=\"description\" content=\"Voir le plan du site du rapport d\u2019information financi\u00e8re (RIF).\" \/>\n<meta name=\"robots\" content=\"index, follow, max-snippet:-1, max-image-preview:large, max-video-preview:-1\" \/>\n<link rel=\"canonical\" href=\"https:\/\/efis.fma.csc.gov.on.ca\/fir\/index.php\/fr\/plan-du-site\/\" \/>\n<meta property=\"og:locale\" content=\"en_US\" \/>\n<meta property=\"og:type\" content=\"article\" \/>\n<meta property=\"og:title\" content=\"Plan du site - Financial Information Return\" \/>\n<meta property=\"og:description\" content=\"Voir le plan du site du rapport d\u2019information financi\u00e8re (RIF).\" \/>\n<meta property=\"og:url\" content=\"https:\/\/efis.fma.csc.gov.on.ca\/fir\/index.php\/fr\/plan-du-site\/\" \/>\n<meta property=\"og:site_name\" content=\"Financial Information Return\" \/>\n<meta property=\"article:modified_time\" content=\"2022-01-10T20:23:53+00:00\" \/>\n<meta name=\"twitter:card\" content=\"summary_large_image\" \/>\n<meta name=\"twitter:label1\" content=\"Est. reading time\" \/>\n\t<meta name=\"twitter:data1\" content=\"1 minute\" \/>\n<script type=\"application\/ld+json\" class=\"yoast-schema-graph\">{\"@context\":\"https:\/\/schema.org\",\"@graph\":[{\"@type\":\"WebSite\",\"@id\":\"https:\/\/efis.fma.csc.gov.on.ca\/fir\/#website\",\"url\":\"https:\/\/efis.fma.csc.gov.on.ca\/fir\/\",\"name\":\"Financial Information Return\",\"description\":\"Just another WordPress site\",\"potentialAction\":[{\"@type\":\"SearchAction\",\"target\":{\"@type\":\"EntryPoint\",\"urlTemplate\":\"https:\/\/efis.fma.csc.gov.on.ca\/fir\/?s={search_term_string}\"},\"query-input\":\"required name=search_term_string\"}],\"inLanguage\":\"en-US\"},{\"@type\":\"WebPage\",\"@id\":\"https:\/\/efis.fma.csc.gov.on.ca\/fir\/index.php\/fr\/plan-du-site\/#webpage\",\"url\":\"https:\/\/efis.fma.csc.gov.on.ca\/fir\/index.php\/fr\/plan-du-site\/\",\"name\":\"Plan du site - Financial Information Return\",\"isPartOf\":{\"@id\":\"https:\/\/efis.fma.csc.gov.on.ca\/fir\/#website\"},\"datePublished\":\"2021-10-20T20:26:07+00:00\",\"dateModified\":\"2022-01-10T20:23:53+00:00\",\"description\":\"Voir le plan du site du rapport d\\u2019information financi\\u00e8re (RIF).\",\"breadcrumb\":{\"@id\":\"https:\/\/efis.fma.csc.gov.on.ca\/fir\/index.php\/fr\/plan-du-site\/#breadcrumb\"},\"inLanguage\":\"en-US\",\"potentialAction\":[{\"@type\":\"ReadAction\",\"target\":[\"https:\/\/efis.fma.csc.gov.on.ca\/fir\/index.php\/fr\/plan-du-site\/\"]}]},{\"@type\":\"BreadcrumbList\",\"@id\":\"https:\/\/efis.fma.csc.gov.on.ca\/fir\/index.php\/fr\/plan-du-site\/#breadcrumb\",\"itemListElement\":[{\"@type\":\"ListItem\",\"position\":1,\"name\":\"Home\",\"item\":\"https:\/\/efis.fma.csc.gov.on.ca\/fir\/index.php\/en\/financial-information-return-en\/\"},{\"@type\":\"ListItem\",\"position\":2,\"name\":\"Plan du site\"}]}]}<\/script>\n<!-- \/ Yoast SEO plugin. -->","yoast_head_json":{"title":"Plan du site - Financial Information Return","description":"Voir le plan du site du rapport d\u2019information financi\u00e8re (RIF).","robots":{"index":"index","follow":"follow","max-snippet":"max-snippet:-1","max-image-preview":"max-image-preview:large","max-video-preview":"max-video-preview:-1"},"canonical":"https:\/\/efis.fma.csc.gov.on.ca\/fir\/index.php\/fr\/plan-du-site\/","og_locale":"en_US","og_type":"article","og_title":"Plan du site - Financial Information Return","og_description":"Voir le plan du site du rapport d\u2019information financi\u00e8re (RIF).","og_url":"https:\/\/efis.fma.csc.gov.on.ca\/fir\/index.php\/fr\/plan-du-site\/","og_site_name":"Financial Information Return","article_modified_time":"2022-01-10T20:23:53+00:00","twitter_card":"summary_large_image","twitter_misc":{"Est. reading time":"1 minute"},"schema":{"@context":"https:\/\/schema.org","@graph":[{"@type":"WebSite","@id":"https:\/\/efis.fma.csc.gov.on.ca\/fir\/#website","url":"https:\/\/efis.fma.csc.gov.on.ca\/fir\/","name":"Financial Information Return","description":"Just another WordPress site","potentialAction":[{"@type":"SearchAction","target":{"@type":"EntryPoint","urlTemplate":"https:\/\/efis.fma.csc.gov.on.ca\/fir\/?s={search_term_string}"},"query-input":"required name=search_term_string"}],"inLanguage":"en-US"},{"@type":"WebPage","@id":"https:\/\/efis.fma.csc.gov.on.ca\/fir\/index.php\/fr\/plan-du-site\/#webpage","url":"https:\/\/efis.fma.csc.gov.on.ca\/fir\/index.php\/fr\/plan-du-site\/","name":"Plan du site - Financial Information Return","isPartOf":{"@id":"https:\/\/efis.fma.csc.gov.on.ca\/fir\/#website"},"datePublished":"2021-10-20T20:26:07+00:00","dateModified":"2022-01-10T20:23:53+00:00","description":"Voir le plan du site du rapport d\u2019information financi\u00e8re (RIF).","breadcrumb":{"@id":"https:\/\/efis.fma.csc.gov.on.ca\/fir\/index.php\/fr\/plan-du-site\/#breadcrumb"},"inLanguage":"en-US","potentialAction":[{"@type":"ReadAction","target":["https:\/\/efis.fma.csc.gov.on.ca\/fir\/index.php\/fr\/plan-du-site\/"]}]},{"@type":"BreadcrumbList","@id":"https:\/\/efis.fma.csc.gov.on.ca\/fir\/index.php\/fr\/plan-du-site\/#breadcrumb","itemListElement":[{"@type":"ListItem","position":1,"name":"Home","item":"https:\/\/efis.fma.csc.gov.on.ca\/fir\/index.php\/en\/financial-information-return-en\/"},{"@type":"ListItem","position":2,"name":"Plan du site"}]}]}},"lang":"fr","translations":{"fr":1757,"en":1719},"pll_sync_post":[],"_links":{"self":[{"href":"https:\/\/efis.fma.csc.gov.on.ca\/fir\/index.php\/wp-json\/wp\/v2\/pages\/1757"}],"collection":[{"href":"https:\/\/efis.fma.csc.gov.on.ca\/fir\/index.php\/wp-json\/wp\/v2\/pages"}],"about":[{"href":"https:\/\/efis.fma.csc.gov.on.ca\/fir\/index.php\/wp-json\/wp\/v2\/types\/page"}],"author":[{"embeddable":true,"href":"https:\/\/efis.fma.csc.gov.on.ca\/fir\/index.php\/wp-json\/wp\/v2\/users\/5"}],"replies":[{"embeddable":true,"href":"https:\/\/efis.fma.csc.gov.on.ca\/fir\/index.php\/wp-json\/wp\/v2\/comments?post=1757"}],"version-history":[{"count":6,"href":"https:\/\/efis.fma.csc.gov.on.ca\/fir\/index.php\/wp-json\/wp\/v2\/pages\/1757\/revisions"}],"predecessor-version":[{"id":2551,"href":"https:\/\/efis.fma.csc.gov.on.ca\/fir\/index.php\/wp-json\/wp\/v2\/pages\/1757\/revisions\/2551"}],"wp:attachment":[{"href":"https:\/\/efis.fma.csc.gov.on.ca\/fir\/index.php\/wp-json\/wp\/v2\/media?parent=1757"}],"curies":[{"name":"wp","href":"https:\/\/api.w.org\/{rel}","templated":true}]}}