{"id":1204,"date":"2021-06-10T14:22:40","date_gmt":"2021-06-10T14:22:40","guid":{"rendered":"http:\/\/cscbigdcwhweb03.mgmt.cihs.gov.on.ca\/?page_id=1204"},"modified":"2021-12-15T17:06:44","modified_gmt":"2021-12-15T17:06:44","slug":"fr-fir-by-year-and-municipality","status":"publish","type":"page","link":"https:\/\/efis.fma.csc.gov.on.ca\/fir\/index.php\/fr\/rapports-et-tableaux-de-bord\/fr-fir-by-year-and-municipality\/","title":{"rendered":"RIF par ann\u00e9e et municipalit\u00e9"},"content":{"rendered":"","protected":false},"excerpt":{"rendered":"","protected":false},"author":5,"featured_media":0,"parent":1200,"menu_order":0,"comment_status":"closed","ping_status":"closed","template":"template_by_year_and_municipality.php","meta":[],"yoast_head":"<!-- This site is optimized with the Yoast SEO plugin v17.2.1 - https:\/\/yoast.com\/wordpress\/plugins\/seo\/ -->\n<title>RIF par ann\u00e9e et municipalit\u00e9 - Financial Information Return<\/title>\n<meta name=\"description\" content=\"Voir les rapports d\u2019information financi\u00e8re (RIF) tri\u00e9s par ann\u00e9e et par municipalit\u00e9 tels que soumis par les municipalit\u00e9s.\" \/>\n<meta name=\"robots\" content=\"index, follow, max-snippet:-1, max-image-preview:large, max-video-preview:-1\" \/>\n<link rel=\"canonical\" href=\"https:\/\/efis.fma.csc.gov.on.ca\/fir\/index.php\/fr\/rapports-et-tableaux-de-bord\/fr-fir-by-year-and-municipality\/\" \/>\n<meta property=\"og:locale\" content=\"en_US\" \/>\n<meta property=\"og:type\" content=\"article\" \/>\n<meta property=\"og:title\" content=\"RIF par ann\u00e9e et municipalit\u00e9 - Financial Information Return\" \/>\n<meta property=\"og:description\" content=\"Voir les rapports d\u2019information financi\u00e8re (RIF) tri\u00e9s par ann\u00e9e et par municipalit\u00e9 tels que soumis par les municipalit\u00e9s.\" \/>\n<meta property=\"og:url\" content=\"https:\/\/efis.fma.csc.gov.on.ca\/fir\/index.php\/fr\/rapports-et-tableaux-de-bord\/fr-fir-by-year-and-municipality\/\" \/>\n<meta property=\"og:site_name\" content=\"Financial Information Return\" \/>\n<meta property=\"article:modified_time\" content=\"2021-12-15T17:06:44+00:00\" \/>\n<meta name=\"twitter:card\" content=\"summary_large_image\" \/>\n<script type=\"application\/ld+json\" class=\"yoast-schema-graph\">{\"@context\":\"https:\/\/schema.org\",\"@graph\":[{\"@type\":\"WebSite\",\"@id\":\"https:\/\/efis.fma.csc.gov.on.ca\/fir\/#website\",\"url\":\"https:\/\/efis.fma.csc.gov.on.ca\/fir\/\",\"name\":\"Financial Information Return\",\"description\":\"Just another WordPress site\",\"potentialAction\":[{\"@type\":\"SearchAction\",\"target\":{\"@type\":\"EntryPoint\",\"urlTemplate\":\"https:\/\/efis.fma.csc.gov.on.ca\/fir\/?s={search_term_string}\"},\"query-input\":\"required name=search_term_string\"}],\"inLanguage\":\"en-US\"},{\"@type\":\"WebPage\",\"@id\":\"https:\/\/efis.fma.csc.gov.on.ca\/fir\/index.php\/fr\/rapports-et-tableaux-de-bord\/fr-fir-by-year-and-municipality\/#webpage\",\"url\":\"https:\/\/efis.fma.csc.gov.on.ca\/fir\/index.php\/fr\/rapports-et-tableaux-de-bord\/fr-fir-by-year-and-municipality\/\",\"name\":\"RIF par ann\\u00e9e et municipalit\\u00e9 - Financial Information Return\",\"isPartOf\":{\"@id\":\"https:\/\/efis.fma.csc.gov.on.ca\/fir\/#website\"},\"datePublished\":\"2021-06-10T14:22:40+00:00\",\"dateModified\":\"2021-12-15T17:06:44+00:00\",\"description\":\"Voir les rapports d\\u2019information financi\\u00e8re (RIF) tri\\u00e9s par ann\\u00e9e et par municipalit\\u00e9 tels que soumis par les municipalit\\u00e9s.\",\"breadcrumb\":{\"@id\":\"https:\/\/efis.fma.csc.gov.on.ca\/fir\/index.php\/fr\/rapports-et-tableaux-de-bord\/fr-fir-by-year-and-municipality\/#breadcrumb\"},\"inLanguage\":\"en-US\",\"potentialAction\":[{\"@type\":\"ReadAction\",\"target\":[\"https:\/\/efis.fma.csc.gov.on.ca\/fir\/index.php\/fr\/rapports-et-tableaux-de-bord\/fr-fir-by-year-and-municipality\/\"]}]},{\"@type\":\"BreadcrumbList\",\"@id\":\"https:\/\/efis.fma.csc.gov.on.ca\/fir\/index.php\/fr\/rapports-et-tableaux-de-bord\/fr-fir-by-year-and-municipality\/#breadcrumb\",\"itemListElement\":[{\"@type\":\"ListItem\",\"position\":1,\"name\":\"Home\",\"item\":\"https:\/\/efis.fma.csc.gov.on.ca\/fir\/index.php\/en\/financial-information-return-en\/\"},{\"@type\":\"ListItem\",\"position\":2,\"name\":\"Rapports et tableaux de bord\",\"item\":\"https:\/\/efis.fma.csc.gov.on.ca\/fir\/index.php\/fr\/rapports-et-tableaux-de-bord\/\"},{\"@type\":\"ListItem\",\"position\":3,\"name\":\"RIF par ann\\u00e9e et municipalit\\u00e9\"}]}]}<\/script>\n<!-- \/ Yoast SEO plugin. -->","yoast_head_json":{"title":"RIF par ann\u00e9e et municipalit\u00e9 - Financial Information Return","description":"Voir les rapports d\u2019information financi\u00e8re (RIF) tri\u00e9s par ann\u00e9e et par municipalit\u00e9 tels que soumis par les municipalit\u00e9s.","robots":{"index":"index","follow":"follow","max-snippet":"max-snippet:-1","max-image-preview":"max-image-preview:large","max-video-preview":"max-video-preview:-1"},"canonical":"https:\/\/efis.fma.csc.gov.on.ca\/fir\/index.php\/fr\/rapports-et-tableaux-de-bord\/fr-fir-by-year-and-municipality\/","og_locale":"en_US","og_type":"article","og_title":"RIF par ann\u00e9e et municipalit\u00e9 - Financial Information Return","og_description":"Voir les rapports d\u2019information financi\u00e8re (RIF) tri\u00e9s par ann\u00e9e et par municipalit\u00e9 tels que soumis par les municipalit\u00e9s.","og_url":"https:\/\/efis.fma.csc.gov.on.ca\/fir\/index.php\/fr\/rapports-et-tableaux-de-bord\/fr-fir-by-year-and-municipality\/","og_site_name":"Financial Information Return","article_modified_time":"2021-12-15T17:06:44+00:00","twitter_card":"summary_large_image","schema":{"@context":"https:\/\/schema.org","@graph":[{"@type":"WebSite","@id":"https:\/\/efis.fma.csc.gov.on.ca\/fir\/#website","url":"https:\/\/efis.fma.csc.gov.on.ca\/fir\/","name":"Financial Information Return","description":"Just another WordPress site","potentialAction":[{"@type":"SearchAction","target":{"@type":"EntryPoint","urlTemplate":"https:\/\/efis.fma.csc.gov.on.ca\/fir\/?s={search_term_string}"},"query-input":"required name=search_term_string"}],"inLanguage":"en-US"},{"@type":"WebPage","@id":"https:\/\/efis.fma.csc.gov.on.ca\/fir\/index.php\/fr\/rapports-et-tableaux-de-bord\/fr-fir-by-year-and-municipality\/#webpage","url":"https:\/\/efis.fma.csc.gov.on.ca\/fir\/index.php\/fr\/rapports-et-tableaux-de-bord\/fr-fir-by-year-and-municipality\/","name":"RIF par ann\u00e9e et municipalit\u00e9 - Financial Information Return","isPartOf":{"@id":"https:\/\/efis.fma.csc.gov.on.ca\/fir\/#website"},"datePublished":"2021-06-10T14:22:40+00:00","dateModified":"2021-12-15T17:06:44+00:00","description":"Voir les rapports d\u2019information financi\u00e8re (RIF) tri\u00e9s par ann\u00e9e et par municipalit\u00e9 tels que soumis par les municipalit\u00e9s.","breadcrumb":{"@id":"https:\/\/efis.fma.csc.gov.on.ca\/fir\/index.php\/fr\/rapports-et-tableaux-de-bord\/fr-fir-by-year-and-municipality\/#breadcrumb"},"inLanguage":"en-US","potentialAction":[{"@type":"ReadAction","target":["https:\/\/efis.fma.csc.gov.on.ca\/fir\/index.php\/fr\/rapports-et-tableaux-de-bord\/fr-fir-by-year-and-municipality\/"]}]},{"@type":"BreadcrumbList","@id":"https:\/\/efis.fma.csc.gov.on.ca\/fir\/index.php\/fr\/rapports-et-tableaux-de-bord\/fr-fir-by-year-and-municipality\/#breadcrumb","itemListElement":[{"@type":"ListItem","position":1,"name":"Home","item":"https:\/\/efis.fma.csc.gov.on.ca\/fir\/index.php\/en\/financial-information-return-en\/"},{"@type":"ListItem","position":2,"name":"Rapports et tableaux de bord","item":"https:\/\/efis.fma.csc.gov.on.ca\/fir\/index.php\/fr\/rapports-et-tableaux-de-bord\/"},{"@type":"ListItem","position":3,"name":"RIF par ann\u00e9e et municipalit\u00e9"}]}]}},"lang":"fr","translations":{"fr":1204,"en":1717},"pll_sync_post":[],"_links":{"self":[{"href":"https:\/\/efis.fma.csc.gov.on.ca\/fir\/index.php\/wp-json\/wp\/v2\/pages\/1204"}],"collection":[{"href":"https:\/\/efis.fma.csc.gov.on.ca\/fir\/index.php\/wp-json\/wp\/v2\/pages"}],"about":[{"href":"https:\/\/efis.fma.csc.gov.on.ca\/fir\/index.php\/wp-json\/wp\/v2\/types\/page"}],"author":[{"embeddable":true,"href":"https:\/\/efis.fma.csc.gov.on.ca\/fir\/index.php\/wp-json\/wp\/v2\/users\/5"}],"replies":[{"embeddable":true,"href":"https:\/\/efis.fma.csc.gov.on.ca\/fir\/index.php\/wp-json\/wp\/v2\/comments?post=1204"}],"version-history":[{"count":1,"href":"https:\/\/efis.fma.csc.gov.on.ca\/fir\/index.php\/wp-json\/wp\/v2\/pages\/1204\/revisions"}],"predecessor-version":[{"id":2016,"href":"https:\/\/efis.fma.csc.gov.on.ca\/fir\/index.php\/wp-json\/wp\/v2\/pages\/1204\/revisions\/2016"}],"up":[{"embeddable":true,"href":"https:\/\/efis.fma.csc.gov.on.ca\/fir\/index.php\/wp-json\/wp\/v2\/pages\/1200"}],"wp:attachment":[{"href":"https:\/\/efis.fma.csc.gov.on.ca\/fir\/index.php\/wp-json\/wp\/v2\/media?parent=1204"}],"curies":[{"name":"wp","href":"https:\/\/api.w.org\/{rel}","templated":true}]}}